{"id":962,"date":"2023-02-10T18:02:54","date_gmt":"2023-02-10T17:02:54","guid":{"rendered":"https:\/\/gockenholz.de\/home\/?page_id=962"},"modified":"2023-03-06T19:08:12","modified_gmt":"2023-03-06T18:08:12","slug":"frueher","status":"publish","type":"page","link":"https:\/\/gockenholz.de\/home\/frueher\/","title":{"rendered":"Fr\u00fcher"},"content":{"rendered":"<div class='flex_column av-g3gb6-8bddf4d0a2c21a7447085fbedd8d0563 av_one_full  avia-builder-el-0  el_before_av_one_full  avia-builder-el-first  first flex_column_div '     ><p><section  class='av_textblock_section av-awj56-f45c46d96ecb3e93136a70c358453f2b'  itemscope=\"itemscope\" itemtype=\"https:\/\/schema.org\/CreativeWork\" ><div class='avia_textblock'  itemprop=\"text\" ><p><strong>Dorfgemeinschaftshaus 1985<\/strong><\/p>\n<p>Gockenholz war das erste Dorf im Umkreis, das ein eigenes B\u00fcrgerhaus hatte. Es war nicht so, wie man sich heute ein B\u00fcrgerhaus vorstellt. Es war eine alte Fl\u00fcchtlingsunterkunft, die nach dem 2. Weltkrieg erbaut wurde. Diese Unterkunft ist der damaligen Interessengemeinschaft B\u00fcrgerhaus vom Besitzer ab Mai 1985 f\u00fcr 25 Jahre \u00fcberlassen worden. Das alte Behelfsheim wurde von den Dorfbewohnern auf Vordermann gebracht. Die Toilettenanlage im Feuerwehrhaus durfte genutzt werden. In diesem B\u00fcrgerhaus fanden allerhand Feiern statt. Wie z. B. Pfannenschlagessen, etliche Geburtstagsfeiern, Versammlungen und Aktivit\u00e4ten des damaligen Siedlerbundes, Kaffee und Kuchen nach der Gedenkveranstaltung am Volkstrauertages, u. a. diente es auch als Unterrichtsraum und Versammlungsst\u00e4tte f\u00fcr die Ortfeuerwehr. Nach dem Auslaufen des Vertrages im Mai 2010 durfte das Geb\u00e4ude nicht mehr genutzt werden. Es war zu diesem Zeitpunk sehr renovierungsbed\u00fcrftig.<\/p>\n<p><strong>Spielplatz 1997<\/strong><\/p>\n<p>Im M\u00e4rz 1997 wurde mit dem Bau des Spielplatzes in Gockenholz an der Dorfstra\u00dfe begonnen. Durchgef\u00fchrt wurden die Arbeiten von den jungen Eltern aus Gockenholz. Mit vielen Aktionen im Vorfeld wurde Geld gesammelt, das in diese Aktion mit einfloss. Durch die Gemeinde wurde der Spielplatz mit Spielger\u00e4ten komplettiert.\u00a0 Im September 1997 wurde der Spielplatz mit einem Kinderfest eingeweiht. Durch weitere Gelder, erwirtschaftet durch Kaffee und Kuchenverkauf bei verschiedensten Veranstaltungen, konnte ein Spielger\u00e4t mit H\u00e4ngebr\u00fccke erstanden und aufgebaut werden. Eine Tischtennisplatte f\u00fcr au\u00dfen wurde angeschafft. Hier fanden herausragende Tischtennismeisterschaften statt.\u00a0 Der Pachtvertrag f\u00fcr das Spielplatzgel\u00e4nde lief aus und der Spielplatz musste vor einigen Jahren r\u00fcckgebaut werden.<\/p>\n<\/div><\/section><br \/>\n<div  class='avia-button-wrap av-le1ervcl-1bd586c0fe34a66f75ace1e281a4bfae-wrap avia-button-center  avia-builder-el-2  el_after_av_textblock  avia-builder-el-last '><a href='https:\/\/gockenholz.de\/home\/wp-content\/uploads\/2023\/02\/19970913-Spielplatz.pdf'  class='avia-button av-le1ervcl-1bd586c0fe34a66f75ace1e281a4bfae avia-icon_select-no avia-size-small avia-position-center avia-color-theme-color'  ><span class='avia_iconbox_title' >Spielplatzer\u00f6ffnung 1997 Mitteilungsblatt der SG Lachendorf<\/span><\/a><\/div><\/p><\/div>\n\n<style type=\"text\/css\" data-created_by=\"avia_inline_auto\" id=\"style-css-av-le1pzd84-6f9e487cb46a5f243342fc845063ce0b\">\n.flex_column.av-le1pzd84-6f9e487cb46a5f243342fc845063ce0b{\npadding:5px 5px 5px 5px;\n}\n<\/style>\n<div class='flex_column av-le1pzd84-6f9e487cb46a5f243342fc845063ce0b av_one_full  avia-builder-el-3  el_after_av_one_full  avia-builder-el-last  first flex_column_div column-top-margin'     ><section  class='av_textblock_section av-le1q2r2p-d23f79b4f72e8e3a53b28e6226c7c0da'  itemscope=\"itemscope\" itemtype=\"https:\/\/schema.org\/CreativeWork\" ><div class='avia_textblock'  itemprop=\"text\" ><p><strong>Heideeck Gockenholz<\/strong><\/p>\n<p>Bis vor Gockenholz reicht die Niederung von Lachte und Aller. In der Bronzezeit wurde Gockenholz schon von Menschen besiedelt. Gr\u00e4ber, die aus dieser Zeit stammen, weisen die Anwesenheit menschlicher Siedlungen nach.<\/p>\n<p>Die Lachteniederung in Gockenholz war urspr\u00fcnglich mit Heide bewachsen. Der Name Heideeck, f\u00fcr den \u00f6stlichsten Punkt dieser Lachteheide, hat sicherlich etwas mit diesem Bewuchs zu tun. Seit fr\u00fchester Zeit lagen die Ackerfl\u00e4chen der H\u00f6fe von Overlingen und Gockenholz in diesem Bereich.<\/p>\n<p>Zur Zeit des siebenj\u00e4hrigen Krieges, 1756 bis 1763, war in der N\u00e4he des Heideecks der Schauplatz eines Gefechtes von Truppenteilen der franz\u00f6sischen Armee, welche von Oppershausen kommend, die Soldaten des Herzogs Ferdinand von Braunschweig in einen Kampf verwickelten und sich danach zur\u00fcckziehen mussten.<\/p>\n<p>Das s\u00fcdlich der L282 (Landstra\u00dfe Beedenbostel \/ Celle) liegende Franzosengrab, als kleine Baumgruppe mitten auf dem Acker zu sehen, geht auf diese Schlacht zur\u00fcck. Es wurden dort einige franz\u00f6sische Soldaten und Offiziere beigesetzt, gefallen im Jahr 1775.<\/p>\n<p>Die Landstra\u00dfe nach Celle durch die Sprache gibt es erst seit 1853. In diesem Jahr ist die Stra\u00dfe von Celle nach Wittingen zur Heerstra\u00dfe ernannt worden. Vorher f\u00fchrte durch das k\u00f6nigliche Jagdgebiet nur ein Weg, der zu beiden Seiten der Sprache durch einen geschlossenen Schlagbau versperrt war.<\/p>\n<p>Einen Schl\u00fcssel besa\u00dfen die Gutsherren von Hohnhorst, Eldingen, Wohlenrode, der Pastor und der Amtmann der Amtsvogtei Beedenbostel. Alle anderen Leute mussten \u00fcber die Wege von Ahnsbeck-Lachendorf-Altencelle oder um den Schweinebruch herum nutzen, um nach Celle zu gelangen.<\/p>\n<p>Nach dem verlorenen Krieg von 1866 (Schlacht bei Langensalza) gegen Preu\u00dfen wurde das K\u00f6nigreich Hannover annektiert und verschwand von der Landkarte. Fortan geh\u00f6rte Gockenholz zur preu\u00dfischen Provinz Hannover. Die Amtsvogteien wurden aufgel\u00f6st und die Landkreise neu gegr\u00fcndet. Im Zuge dieser Umw\u00e4lzung wurde die L282 Celle \u2013 Wittingen ausgebaut. Es entstand die Stra\u00dfenkreuzung \u201eHeideeck\u201c in Gockenholz.<\/p>\n<p>Die gute Verkehrslage f\u00fchrte alsbald zur Gr\u00fcndung einer Gastwirtschaft Namens \u201eHeideeck\u201c direkt an der Kreuzung der L282 und der Stra\u00dfe Lachendorf \u2013 Gockenholz \u2013 Alvern. Die restliche Fl\u00e4che westlich der Gastwirtschaft geh\u00f6rte dem Hof Alps in Gockenholz und wurde als Viehweide genutzt.<\/p>\n<p>1904 wurde diese Weidefl\u00e4che von der neu gebauten Eisenbahnlinie Celle \u2013 Wittingen durchschnitten und es entstand der Bahnhof Gockenholz.<\/p>\n<p>An der Gastwirtschaft \u201eHeideeck\u201c wurde ein Kaffeegarten angelegt. Dieser Garten war von einer hohen Hecke umgeben, in der Nischen eingearbeitet wurden. Der Kaffeegarten war bei den Ausfl\u00fcglern aus Celle sehr beliebt.\u00a0 Hier wurden auch kulturelle Veranstaltungen, z. B. Theaterauff\u00fchrungen durch Sch\u00fcler der Gockenholzer Schule unter der Leitung des Lehrers Gerhard Rothermund aufgef\u00fchrt. Im Sommer fand ein Radrennen rund ums Heideck statt, mit anschlie\u00dfender Siegesfeier in der Gastst\u00e4tte.<\/p>\n<p>Im Jahr 1935 gr\u00fcndete der Gastwirt Westerhold eine Gasoline-Tankstelle. Das Weideland wurde nach Aufgabe der Viehhaltung in Ackerland umgewandelt.<\/p>\n<p>Das \u201eHeideeck\u201c wird auch heute noch als Restaurantbetrieb weitergef\u00fchrt. Das \u201eHeideeck\u201c ist ein markanter Punkt in der Gemarkung Gockenholz.<\/p>\n<p>Text Heideeck: Klaus-Dieter Hanke unter Mitwirkung von Altbauer Hermann Hagen (Ahnsbeck, August 2018)<\/p>\n<div id=\"attachment_1077\" style=\"width: 276px\" class=\"wp-caption aligncenter\"><img loading=\"lazy\" decoding=\"async\" aria-describedby=\"caption-attachment-1077\" class=\"wp-image-1077\" src=\"https:\/\/gockenholz.de\/home\/wp-content\/uploads\/2023\/02\/Heideeck1-300x241.jpg\" alt=\"\" width=\"266\" height=\"214\" srcset=\"https:\/\/gockenholz.de\/home\/wp-content\/uploads\/2023\/02\/Heideeck1-300x241.jpg 300w, https:\/\/gockenholz.de\/home\/wp-content\/uploads\/2023\/02\/Heideeck1-768x617.jpg 768w, https:\/\/gockenholz.de\/home\/wp-content\/uploads\/2023\/02\/Heideeck1-495x400.jpg 495w, https:\/\/gockenholz.de\/home\/wp-content\/uploads\/2023\/02\/Heideeck1-845x684.jpg 845w, https:\/\/gockenholz.de\/home\/wp-content\/uploads\/2023\/02\/Heideeck1-705x566.jpg 705w, https:\/\/gockenholz.de\/home\/wp-content\/uploads\/2023\/02\/Heideeck1.jpg 890w\" sizes=\"auto, (max-width: 266px) 100vw, 266px\" \/><p id=\"caption-attachment-1077\" class=\"wp-caption-text\">Gastst\u00e4tte Heideeck<\/p><\/div>\n<div id=\"attachment_1078\" style=\"width: 310px\" class=\"wp-caption aligncenter\"><img loading=\"lazy\" decoding=\"async\" aria-describedby=\"caption-attachment-1078\" class=\"wp-image-1078 size-medium\" src=\"https:\/\/gockenholz.de\/home\/wp-content\/uploads\/2023\/02\/Heideeck2-300x214.jpg\" alt=\"\" width=\"300\" height=\"214\" srcset=\"https:\/\/gockenholz.de\/home\/wp-content\/uploads\/2023\/02\/Heideeck2-300x214.jpg 300w, https:\/\/gockenholz.de\/home\/wp-content\/uploads\/2023\/02\/Heideeck2-260x185.jpg 260w, https:\/\/gockenholz.de\/home\/wp-content\/uploads\/2023\/02\/Heideeck2-705x503.jpg 705w, https:\/\/gockenholz.de\/home\/wp-content\/uploads\/2023\/02\/Heideeck2.jpg 763w\" sizes=\"auto, (max-width: 300px) 100vw, 300px\" \/><p id=\"caption-attachment-1078\" class=\"wp-caption-text\">Postkarte Gastst\u00e4tte Heideeck<\/p><\/div>\n<p><strong>Fr\u00fche Geschichte<\/strong><\/p>\n<p>Das heutige Dorf ist aus den beiden Ortsteilen Overlingen (Hof Nr. 1\u20133) und Gockenholz (Nr. 4\u20137) entstanden. Die \u00e4lteste urkundliche Erw\u00e4hnung von Gockenholz stammt aus dem Jahre 1235 und bezieht sich auf die Gr\u00fcndung des Klosters Wienhausen. Herzog Otto gab der Pfalzgr\u00e4fin Agnes von Landsberg zum Ersatz des Schlosses Altencelle, das sie ihm \u00fcberlassen hatte, u. a. vier H\u00f6fe in \u201eGakenholte\u201c.<\/p>\n<p>In der Urkunde hei\u00dft es:<\/p>\n<p>Otto Puer Agneti Palatinae pro castro Zelle unam fartaginem in salina L\u00fcneburg, &amp; molendinum in Lachtenhusen, &amp; quatuor domos in Gakenholte dat, mox monasterio Winhusano collatas.<\/p>\n<p>\u00dcbersetzt: \u201e\u2026 uns resigniert und uns und unsern Erben auf immer \u00fcberlassen hat, der Kirche in Wienhausen, welche sie auf ihre Kosten errichtet hat, aus unserm Verm\u00f6gen eine Pfanne auf der Saline zu L\u00fcneburg und eine M\u00fchle in Lachtehausen und vier H\u00e4user in Gockenholz, mit allem dazugeh\u00f6rigen Rechte und Nutzung gekauft haben \u2026\u201c<\/p>\n<p>Der Name Gockenholz stammt aus dem Germanischen und bedeutet so viel wie \u201eKuckuckswald\u201c. Schon in der Bronzezeit vor 1800 v. Chr. war das Gebiet besiedelt, fand man doch vom Heideeck bis Gockenholz etwa 20 bronzezeitliche H\u00fcgelgr\u00e4ber.<\/p>\n<p>Mit Urkunde vom 17. September 1241 \u00fcbertrug Bischof Konrad II. dem Kloster Wienhausen den Zehnten in Gakenholte, den es von Ritter Jordan von Ethzienrod gekauft hatte, welcher den Zehnten den Br\u00fcdern Luthard und Luthard von Meinersen resignierte, die ihn wieder dem Bischof auflie\u00dfen.<\/p>\n<p>1302 (Januar. E. Epy. dom. phiph. si.) verlautet in einer Urkunde: \u201eJllustris domina Mechthildis duxissa de Wenden dedit allodium minus cum tol[a] decima in Gakenholte et minutis decimis in Hauekorst in Noua Jndagine et duobus eklagis, ymaginem beate virginis argenteam et alia plura clenodia.\u201c[5] Mit Urkunde vom 20. September 1317 gestatteten die Gebr\u00fcder Conrad und Otto von Marenholtz dem Herzog Otto von Braunschweig und L\u00fcneburg die Wiedereinl\u00f6sung der Vogtei \u00fcber 5 H\u00f6fe zu Gockenholz.<\/p>\n<p>Quelle: Wikipedia<\/p>\n<p>In: Wikipedia, Die freie Enzyklop\u00e4die. Bearbeitungsstand: 6. Juli 2017, 13:56 UTC.<\/p>\n<\/div><\/section><\/div>\n","protected":false},"excerpt":{"rendered":"","protected":false},"author":3,"featured_media":0,"parent":0,"menu_order":0,"comment_status":"closed","ping_status":"closed","template":"","meta":{"footnotes":""},"class_list":["post-962","page","type-page","status-publish","hentry"],"yoast_head":"<!-- This site is optimized with the Yoast SEO plugin v27.5 - https:\/\/yoast.com\/product\/yoast-seo-wordpress\/ -->\n<title>Fr\u00fcher - gockenholz.de<\/title>\n<meta name=\"robots\" content=\"index, follow, max-snippet:-1, max-image-preview:large, max-video-preview:-1\" \/>\n<link rel=\"canonical\" href=\"https:\/\/gockenholz.de\/home\/frueher\/\" \/>\n<meta property=\"og:locale\" content=\"de_DE\" \/>\n<meta property=\"og:type\" content=\"article\" \/>\n<meta property=\"og:title\" content=\"Fr\u00fcher - gockenholz.de\" \/>\n<meta property=\"og:url\" content=\"https:\/\/gockenholz.de\/home\/frueher\/\" \/>\n<meta property=\"og:site_name\" content=\"gockenholz.de\" \/>\n<meta property=\"article:publisher\" content=\"https:\/\/www.facebook.com\/Gockenholz\/\" \/>\n<meta property=\"article:modified_time\" content=\"2023-03-06T18:08:12+00:00\" \/>\n<meta property=\"og:image\" content=\"https:\/\/gockenholz.de\/home\/wp-content\/uploads\/2023\/02\/Heideeck1-300x241.jpg\" \/>\n<meta name=\"twitter:card\" content=\"summary_large_image\" \/>\n<meta name=\"twitter:label1\" content=\"Gesch\u00e4tzte Lesezeit\" \/>\n\t<meta name=\"twitter:data1\" content=\"11\u00a0Minuten\" \/>\n<script type=\"application\/ld+json\" class=\"yoast-schema-graph\">{\"@context\":\"https:\\\/\\\/schema.org\",\"@graph\":[{\"@type\":\"WebPage\",\"@id\":\"https:\\\/\\\/gockenholz.de\\\/home\\\/frueher\\\/\",\"url\":\"https:\\\/\\\/gockenholz.de\\\/home\\\/frueher\\\/\",\"name\":\"Fr\u00fcher - gockenholz.de\",\"isPartOf\":{\"@id\":\"https:\\\/\\\/gockenholz.de\\\/home\\\/#website\"},\"primaryImageOfPage\":{\"@id\":\"https:\\\/\\\/gockenholz.de\\\/home\\\/frueher\\\/#primaryimage\"},\"image\":{\"@id\":\"https:\\\/\\\/gockenholz.de\\\/home\\\/frueher\\\/#primaryimage\"},\"thumbnailUrl\":\"https:\\\/\\\/gockenholz.de\\\/home\\\/wp-content\\\/uploads\\\/2023\\\/02\\\/Heideeck1-300x241.jpg\",\"datePublished\":\"2023-02-10T17:02:54+00:00\",\"dateModified\":\"2023-03-06T18:08:12+00:00\",\"breadcrumb\":{\"@id\":\"https:\\\/\\\/gockenholz.de\\\/home\\\/frueher\\\/#breadcrumb\"},\"inLanguage\":\"de\",\"potentialAction\":[{\"@type\":\"ReadAction\",\"target\":[\"https:\\\/\\\/gockenholz.de\\\/home\\\/frueher\\\/\"]}]},{\"@type\":\"ImageObject\",\"inLanguage\":\"de\",\"@id\":\"https:\\\/\\\/gockenholz.de\\\/home\\\/frueher\\\/#primaryimage\",\"url\":\"https:\\\/\\\/gockenholz.de\\\/home\\\/wp-content\\\/uploads\\\/2023\\\/02\\\/Heideeck1.jpg\",\"contentUrl\":\"https:\\\/\\\/gockenholz.de\\\/home\\\/wp-content\\\/uploads\\\/2023\\\/02\\\/Heideeck1.jpg\",\"width\":890,\"height\":715},{\"@type\":\"BreadcrumbList\",\"@id\":\"https:\\\/\\\/gockenholz.de\\\/home\\\/frueher\\\/#breadcrumb\",\"itemListElement\":[{\"@type\":\"ListItem\",\"position\":1,\"name\":\"Startseite\",\"item\":\"https:\\\/\\\/gockenholz.de\\\/home\\\/willkommen-in-gockenholz\\\/\"},{\"@type\":\"ListItem\",\"position\":2,\"name\":\"Fr\u00fcher\"}]},{\"@type\":\"WebSite\",\"@id\":\"https:\\\/\\\/gockenholz.de\\\/home\\\/#website\",\"url\":\"https:\\\/\\\/gockenholz.de\\\/home\\\/\",\"name\":\"gockenholz.de\",\"description\":\"Hier l\u00e4sst es sich leben!\",\"publisher\":{\"@id\":\"https:\\\/\\\/gockenholz.de\\\/home\\\/#organization\"},\"potentialAction\":[{\"@type\":\"SearchAction\",\"target\":{\"@type\":\"EntryPoint\",\"urlTemplate\":\"https:\\\/\\\/gockenholz.de\\\/home\\\/?s={search_term_string}\"},\"query-input\":{\"@type\":\"PropertyValueSpecification\",\"valueRequired\":true,\"valueName\":\"search_term_string\"}}],\"inLanguage\":\"de\"},{\"@type\":\"Organization\",\"@id\":\"https:\\\/\\\/gockenholz.de\\\/home\\\/#organization\",\"name\":\"B\u00fcrgerverein Gockenholz e. V.\",\"url\":\"https:\\\/\\\/gockenholz.de\\\/home\\\/\",\"logo\":{\"@type\":\"ImageObject\",\"inLanguage\":\"de\",\"@id\":\"https:\\\/\\\/gockenholz.de\\\/home\\\/#\\\/schema\\\/logo\\\/image\\\/\",\"url\":\"https:\\\/\\\/gockenholz.de\\\/home\\\/wp-content\\\/uploads\\\/2023\\\/02\\\/gockenholz_fav.png\",\"contentUrl\":\"https:\\\/\\\/gockenholz.de\\\/home\\\/wp-content\\\/uploads\\\/2023\\\/02\\\/gockenholz_fav.png\",\"width\":549,\"height\":550,\"caption\":\"B\u00fcrgerverein Gockenholz e. V.\"},\"image\":{\"@id\":\"https:\\\/\\\/gockenholz.de\\\/home\\\/#\\\/schema\\\/logo\\\/image\\\/\"},\"sameAs\":[\"https:\\\/\\\/www.facebook.com\\\/Gockenholz\\\/\"]}]}<\/script>\n<!-- \/ Yoast SEO plugin. -->","yoast_head_json":{"title":"Fr\u00fcher - gockenholz.de","robots":{"index":"index","follow":"follow","max-snippet":"max-snippet:-1","max-image-preview":"max-image-preview:large","max-video-preview":"max-video-preview:-1"},"canonical":"https:\/\/gockenholz.de\/home\/frueher\/","og_locale":"de_DE","og_type":"article","og_title":"Fr\u00fcher - gockenholz.de","og_url":"https:\/\/gockenholz.de\/home\/frueher\/","og_site_name":"gockenholz.de","article_publisher":"https:\/\/www.facebook.com\/Gockenholz\/","article_modified_time":"2023-03-06T18:08:12+00:00","og_image":[{"url":"https:\/\/gockenholz.de\/home\/wp-content\/uploads\/2023\/02\/Heideeck1-300x241.jpg","type":"","width":"","height":""}],"twitter_card":"summary_large_image","twitter_misc":{"Gesch\u00e4tzte Lesezeit":"11\u00a0Minuten"},"schema":{"@context":"https:\/\/schema.org","@graph":[{"@type":"WebPage","@id":"https:\/\/gockenholz.de\/home\/frueher\/","url":"https:\/\/gockenholz.de\/home\/frueher\/","name":"Fr\u00fcher - gockenholz.de","isPartOf":{"@id":"https:\/\/gockenholz.de\/home\/#website"},"primaryImageOfPage":{"@id":"https:\/\/gockenholz.de\/home\/frueher\/#primaryimage"},"image":{"@id":"https:\/\/gockenholz.de\/home\/frueher\/#primaryimage"},"thumbnailUrl":"https:\/\/gockenholz.de\/home\/wp-content\/uploads\/2023\/02\/Heideeck1-300x241.jpg","datePublished":"2023-02-10T17:02:54+00:00","dateModified":"2023-03-06T18:08:12+00:00","breadcrumb":{"@id":"https:\/\/gockenholz.de\/home\/frueher\/#breadcrumb"},"inLanguage":"de","potentialAction":[{"@type":"ReadAction","target":["https:\/\/gockenholz.de\/home\/frueher\/"]}]},{"@type":"ImageObject","inLanguage":"de","@id":"https:\/\/gockenholz.de\/home\/frueher\/#primaryimage","url":"https:\/\/gockenholz.de\/home\/wp-content\/uploads\/2023\/02\/Heideeck1.jpg","contentUrl":"https:\/\/gockenholz.de\/home\/wp-content\/uploads\/2023\/02\/Heideeck1.jpg","width":890,"height":715},{"@type":"BreadcrumbList","@id":"https:\/\/gockenholz.de\/home\/frueher\/#breadcrumb","itemListElement":[{"@type":"ListItem","position":1,"name":"Startseite","item":"https:\/\/gockenholz.de\/home\/willkommen-in-gockenholz\/"},{"@type":"ListItem","position":2,"name":"Fr\u00fcher"}]},{"@type":"WebSite","@id":"https:\/\/gockenholz.de\/home\/#website","url":"https:\/\/gockenholz.de\/home\/","name":"gockenholz.de","description":"Hier l\u00e4sst es sich leben!","publisher":{"@id":"https:\/\/gockenholz.de\/home\/#organization"},"potentialAction":[{"@type":"SearchAction","target":{"@type":"EntryPoint","urlTemplate":"https:\/\/gockenholz.de\/home\/?s={search_term_string}"},"query-input":{"@type":"PropertyValueSpecification","valueRequired":true,"valueName":"search_term_string"}}],"inLanguage":"de"},{"@type":"Organization","@id":"https:\/\/gockenholz.de\/home\/#organization","name":"B\u00fcrgerverein Gockenholz e. V.","url":"https:\/\/gockenholz.de\/home\/","logo":{"@type":"ImageObject","inLanguage":"de","@id":"https:\/\/gockenholz.de\/home\/#\/schema\/logo\/image\/","url":"https:\/\/gockenholz.de\/home\/wp-content\/uploads\/2023\/02\/gockenholz_fav.png","contentUrl":"https:\/\/gockenholz.de\/home\/wp-content\/uploads\/2023\/02\/gockenholz_fav.png","width":549,"height":550,"caption":"B\u00fcrgerverein Gockenholz e. V."},"image":{"@id":"https:\/\/gockenholz.de\/home\/#\/schema\/logo\/image\/"},"sameAs":["https:\/\/www.facebook.com\/Gockenholz\/"]}]}},"jetpack_sharing_enabled":true,"_links":{"self":[{"href":"https:\/\/gockenholz.de\/home\/wp-json\/wp\/v2\/pages\/962","targetHints":{"allow":["GET"]}}],"collection":[{"href":"https:\/\/gockenholz.de\/home\/wp-json\/wp\/v2\/pages"}],"about":[{"href":"https:\/\/gockenholz.de\/home\/wp-json\/wp\/v2\/types\/page"}],"author":[{"embeddable":true,"href":"https:\/\/gockenholz.de\/home\/wp-json\/wp\/v2\/users\/3"}],"replies":[{"embeddable":true,"href":"https:\/\/gockenholz.de\/home\/wp-json\/wp\/v2\/comments?post=962"}],"version-history":[{"count":10,"href":"https:\/\/gockenholz.de\/home\/wp-json\/wp\/v2\/pages\/962\/revisions"}],"predecessor-version":[{"id":1233,"href":"https:\/\/gockenholz.de\/home\/wp-json\/wp\/v2\/pages\/962\/revisions\/1233"}],"wp:attachment":[{"href":"https:\/\/gockenholz.de\/home\/wp-json\/wp\/v2\/media?parent=962"}],"curies":[{"name":"wp","href":"https:\/\/api.w.org\/{rel}","templated":true}]}}