{"id":73,"date":"2023-01-09T21:49:07","date_gmt":"2023-01-09T20:49:07","guid":{"rendered":"https:\/\/gockenholz.de\/home\/?page_id=73"},"modified":"2023-02-26T17:41:40","modified_gmt":"2023-02-26T16:41:40","slug":"verband-wohneigentum-e-v","status":"publish","type":"page","link":"https:\/\/gockenholz.de\/home\/verband-wohneigentum-e-v\/","title":{"rendered":"Verband Wohneigentum e.V."},"content":{"rendered":"<div class='flex_column av-r95h-b80f314cd8aae96e39fb53cbbada1a10 av_one_half  avia-builder-el-0  el_before_av_one_half  avia-builder-el-first  first flex_column_div '     ><section  class='av_textblock_section av-lcpa0fwb-882be73a1a0be426e5c9504c12840b55'  itemscope=\"itemscope\" itemtype=\"https:\/\/schema.org\/CreativeWork\" ><div class='avia_textblock'  itemprop=\"text\" ><div class=\"elementor-column elementor-col-50 elementor-top-column elementor-element elementor-element-71c832cb\" data-id=\"71c832cb\" data-element_type=\"column\" data-settings=\"{\">\n<div class=\"elementor-widget-wrap elementor-element-populated\">\n<div class=\"elementor-element elementor-element-406ffe8b elementor-widget elementor-widget-text-editor\" data-id=\"406ffe8b\" data-element_type=\"widget\" data-widget_type=\"text-editor.default\">\n<div class=\"elementor-widget-container\">\n<p><b>Der Verband Wohneigentum e.V., der bundesweit aktiv und f\u00f6deral strukturiert ist, hat seine ersten Wurzeln vor \u00fcber 70 Jahren in der s\u00e4chsischen Provinz geschlagen. Er geh\u00f6rt zu den Selbsthilfebewegungen, die sich Anfang des 20. Jahrhunderts aufgrund der wirtschaftlichen Notlage zusammenschlossen.<\/b><\/p>\n<p>Gerade B\u00fcrgern, die \u201enur\u201c durchschnittlich oder auch unterdurchschnittlich verdienen, einen Zugang zum selbstgenutzten Wohneigentum zu verschaffen, ist der unver\u00e4nderte Kern der Aufgaben des Verbands Wohneigentum. Zu diesem Zweck werden Gespr\u00e4che mit Politikern sowie Verb\u00e4nden, die eine \u00e4hnliche Zielsetzung haben, gef\u00fchrt.<\/p>\n<p>Dar\u00fcber hinaus versucht der Verband, die \u00d6ffentlichkeit f\u00fcr seine Ziele zu interessieren. Ebenso werden die Vorstellungen und Forderungen des Verbands zugunsten des Wohneigentums in die Kommunen und Landtage eingebracht.<\/p>\n<p>Auf der anderen Seite geh\u00f6rt die Beratung und Unterst\u00fctzung der Mitglieder zum selbstverst\u00e4ndlichen Alltag des Verbands, eine Aufgabe, die von den Landesverb\u00e4nden und Gliederungen \u00fcbernommen wird. Von Rechtsberatung bis Gartenfachberatung, von Organisation der Gruppenselbsthilfe bis zum Versicherungsschutz f\u00fcr Haus und Grund bem\u00fcht sich der Verband, den Bed\u00fcrfnissen der selbstnutzenden Wohneigent\u00fcmer gerecht zu werden.<\/p>\n<p>Aus der Notgemeinschaft wurde eine Generation des Wiederaufbaus, aus den Kleinsiedlern wurden.<\/p>\n<\/div>\n<\/div>\n<\/div>\n<\/div>\n<\/div><\/section><\/div><div class='flex_column av-14yil-283bf79071bd94de4a0be9fa2d8d6b07 av_one_half  avia-builder-el-2  el_after_av_one_half  avia-builder-el-last  flex_column_div '     ><section  class='av_textblock_section av-le37ocb2-293edf3af366c6d2f549d3993766d8c3'  itemscope=\"itemscope\" itemtype=\"https:\/\/schema.org\/CreativeWork\" ><div class='avia_textblock'  itemprop=\"text\" ><div class=\"elementor-column elementor-col-50 elementor-top-column elementor-element elementor-element-71c832cb\" data-id=\"71c832cb\" data-element_type=\"column\" data-settings=\"{\">\n<div class=\"elementor-widget-wrap elementor-element-populated\">\n<div class=\"elementor-element elementor-element-406ffe8b elementor-widget elementor-widget-text-editor\" data-id=\"406ffe8b\" data-element_type=\"widget\" data-widget_type=\"text-editor.default\">\n<div class=\"elementor-widget-container\">\n<p><strong>Der Verband Wohneigentum e.V. tritt f\u00fcr die F\u00f6rderung und den Erhalt des selbstgenutzten Wohneigentums\u00a0ein. Auf allen politischen Ebenen setzt er sich daf\u00fcr ein, dass jedermann \u2013 auch sogenannte Schwellenhaushalte und insbesondere junge Familien \u2013 sich den Traum vom eigenen Heim verwirklichen k\u00f6nnen.<\/strong><\/p>\n<\/div>\n<\/div>\n<\/div>\n<\/div>\n<div class=\"elementor-column elementor-col-50 elementor-top-column elementor-element elementor-element-ba08a2c\" data-id=\"ba08a2c\" data-element_type=\"column\">\n<div class=\"elementor-widget-wrap elementor-element-populated\">\n<section class=\"elementor-section elementor-inner-section elementor-element elementor-element-1f1c09e elementor-section-boxed elementor-section-height-default elementor-section-height-default\" data-id=\"1f1c09e\" data-element_type=\"section\">\n<div class=\"elementor-container elementor-column-gap-default\">\n<div class=\"elementor-column elementor-col-50 elementor-inner-column elementor-element elementor-element-2069b9d\" data-id=\"2069b9d\" data-element_type=\"column\">\n<div class=\"elementor-widget-wrap elementor-element-populated\">\n<div class=\"elementor-element elementor-element-b9c70eb elementor-widget elementor-widget-text-editor\" data-id=\"b9c70eb\" data-element_type=\"widget\" data-widget_type=\"text-editor.default\">\n<div class=\"elementor-widget-container\">\n<div class=\"ce-textpic ce-right ce-intext\">\n<div class=\"ce-bodytext\">\n<p><strong>Gleichzeitig ber\u00e4t der Verband Wohneigentum im Sinne des Verbraucherschutzes neutral und unabh\u00e4ngig sowohl Bauherren als auch Wohneigent\u00fcmer. Es werden nahezu alle Bereiche rund um Haus und Grundst\u00fcck in die\u00a0Informations- und Beratungst\u00e4tigkeit\u00a0einbezogen: Fragen zu Steuern und Geb\u00fchren ebenso wie zu Bau, Energieeffizienz und Gartengestaltung.<\/strong><\/p>\n<\/div>\n<\/div>\n<\/div>\n<\/div>\n<\/div>\n<\/div>\n<div class=\"elementor-column elementor-col-50 elementor-inner-column elementor-element elementor-element-12c5cfc\" data-id=\"12c5cfc\" data-element_type=\"column\">\n<div class=\"elementor-widget-wrap elementor-element-populated\">\n<div class=\"elementor-element elementor-element-a4cc578 elementor-widget elementor-widget-text-editor\" data-id=\"a4cc578\" data-element_type=\"widget\" data-widget_type=\"text-editor.default\">\n<div class=\"elementor-widget-container\">\n<p>Die\u00a0<strong>Kreisgruppe Celle<\/strong>\u00a0hat ihre ersten Wurzeln vor\u00a0<strong>\u00fcber<\/strong>\u00a075 Jahren geschlagen. Sie geh\u00f6rt zu den Selbsthilfebewegungen, die sich Anfang des 20. Jahrhunderts aufgrund der wirtschaftlichen Notlage zusammengeschlossen haben.<\/p>\n<p>Um die Wohnungsnot nach dem ersten Weltkrieg zu lindern, wurden Verordnungen \u00fcber Erbbaurecht, Siedlungsgesetze und das Heimst\u00e4ttengesetz erlassen und die Grundlage f\u00fcr die \u201evorst\u00e4dtische Kleinsiedlung\u201c geschaffen.<\/p>\n<p>Die Kreisgruppe Celle war von Beginn an damit betraut, sich f\u00fcr ihre Siedlergemeinschaften und deren Mitglieder einzusetzen. Schon vor und nach dem Krieg war sie Bindeglied zwischen Mitgliedern und der Nieders\u00e4chsischen Heimst\u00e4tte und daf\u00fcr verantwortlich, dass nach dem Gesetz der Nieders\u00e4chsischen Heimst\u00e4ttenverordnung gebaut wurde. Sie hat sich daf\u00fcr eingesetzt, dass Kinderspielpl\u00e4tze gebaut wurden oder wenn es um Erschlie\u00dfungsbeitr\u00e4ge, Erbschaftsangelegenheiten oder Einheitswertbescheide ging. Neujahrsempf\u00e4nge wurden durchgef\u00fchrt sowie auch die Teilnahme an landesweiten Wettbewerben unter dem Thema \u201eDie beste Kleinsiedlung\u201c. Durch den Einsatz der Kreisgruppe Celle entstanden neue Wohngebiete.<\/p>\n<p>Die Kreisgruppe Celle im VWE setzt sich ein f\u00fcr die F\u00f6rderung und den Erhalt des selbstgenutzten Wohneigentums. Dazu geh\u00f6rt unter anderem der Schutz vor \u00fcberh\u00f6hten kommunalen Abgaben, aber auch die St\u00e4rkung des sozialen Gef\u00fcges in der Nachbarschaft und Unterst\u00fctzung der Familie.<\/p>\n<p>Allein in der Kreisgruppe Celle laden\u00a0<strong>24 Gemeinschaften<\/strong>\u00a0mit derzeit\u00a0<strong>ca. 4000<\/strong>\u00a0Mitgliedern zu Ausfl\u00fcgen, Festen, Hobbykreisen oder Aktionen f\u00fcr Kinder und Jugendliche ein.<\/p>\n<\/div>\n<\/div>\n<\/div>\n<\/div>\n<\/div>\n<\/section>\n<\/div>\n<\/div>\n<\/div><\/section><\/div><\/p>\n","protected":false},"excerpt":{"rendered":"","protected":false},"author":2,"featured_media":0,"parent":0,"menu_order":0,"comment_status":"closed","ping_status":"closed","template":"","meta":{"footnotes":""},"class_list":["post-73","page","type-page","status-publish","hentry"],"yoast_head":"<!-- This site is optimized with the Yoast SEO plugin v27.4 - https:\/\/yoast.com\/product\/yoast-seo-wordpress\/ -->\n<title>Verband Wohneigentum e.V. - gockenholz.de<\/title>\n<meta name=\"robots\" content=\"index, follow, max-snippet:-1, max-image-preview:large, max-video-preview:-1\" \/>\n<link rel=\"canonical\" href=\"https:\/\/gockenholz.de\/home\/verband-wohneigentum-e-v\/\" \/>\n<meta property=\"og:locale\" content=\"de_DE\" \/>\n<meta property=\"og:type\" content=\"article\" \/>\n<meta property=\"og:title\" content=\"Verband Wohneigentum e.V. - gockenholz.de\" \/>\n<meta property=\"og:url\" content=\"https:\/\/gockenholz.de\/home\/verband-wohneigentum-e-v\/\" \/>\n<meta property=\"og:site_name\" content=\"gockenholz.de\" \/>\n<meta property=\"article:publisher\" content=\"https:\/\/www.facebook.com\/Gockenholz\/\" \/>\n<meta property=\"article:modified_time\" content=\"2023-02-26T16:41:40+00:00\" \/>\n<meta name=\"twitter:card\" content=\"summary_large_image\" \/>\n<meta name=\"twitter:label1\" content=\"Gesch\u00e4tzte Lesezeit\" \/>\n\t<meta name=\"twitter:data1\" content=\"7\u00a0Minuten\" \/>\n<script type=\"application\/ld+json\" class=\"yoast-schema-graph\">{\"@context\":\"https:\\\/\\\/schema.org\",\"@graph\":[{\"@type\":\"WebPage\",\"@id\":\"https:\\\/\\\/gockenholz.de\\\/home\\\/verband-wohneigentum-e-v\\\/\",\"url\":\"https:\\\/\\\/gockenholz.de\\\/home\\\/verband-wohneigentum-e-v\\\/\",\"name\":\"Verband Wohneigentum e.V. - gockenholz.de\",\"isPartOf\":{\"@id\":\"https:\\\/\\\/gockenholz.de\\\/home\\\/#website\"},\"datePublished\":\"2023-01-09T20:49:07+00:00\",\"dateModified\":\"2023-02-26T16:41:40+00:00\",\"breadcrumb\":{\"@id\":\"https:\\\/\\\/gockenholz.de\\\/home\\\/verband-wohneigentum-e-v\\\/#breadcrumb\"},\"inLanguage\":\"de\",\"potentialAction\":[{\"@type\":\"ReadAction\",\"target\":[\"https:\\\/\\\/gockenholz.de\\\/home\\\/verband-wohneigentum-e-v\\\/\"]}]},{\"@type\":\"BreadcrumbList\",\"@id\":\"https:\\\/\\\/gockenholz.de\\\/home\\\/verband-wohneigentum-e-v\\\/#breadcrumb\",\"itemListElement\":[{\"@type\":\"ListItem\",\"position\":1,\"name\":\"Startseite\",\"item\":\"https:\\\/\\\/gockenholz.de\\\/home\\\/willkommen-in-gockenholz\\\/\"},{\"@type\":\"ListItem\",\"position\":2,\"name\":\"Verband Wohneigentum e.V.\"}]},{\"@type\":\"WebSite\",\"@id\":\"https:\\\/\\\/gockenholz.de\\\/home\\\/#website\",\"url\":\"https:\\\/\\\/gockenholz.de\\\/home\\\/\",\"name\":\"gockenholz.de\",\"description\":\"Hier l\u00e4sst es sich leben!\",\"publisher\":{\"@id\":\"https:\\\/\\\/gockenholz.de\\\/home\\\/#organization\"},\"potentialAction\":[{\"@type\":\"SearchAction\",\"target\":{\"@type\":\"EntryPoint\",\"urlTemplate\":\"https:\\\/\\\/gockenholz.de\\\/home\\\/?s={search_term_string}\"},\"query-input\":{\"@type\":\"PropertyValueSpecification\",\"valueRequired\":true,\"valueName\":\"search_term_string\"}}],\"inLanguage\":\"de\"},{\"@type\":\"Organization\",\"@id\":\"https:\\\/\\\/gockenholz.de\\\/home\\\/#organization\",\"name\":\"B\u00fcrgerverein Gockenholz e. V.\",\"url\":\"https:\\\/\\\/gockenholz.de\\\/home\\\/\",\"logo\":{\"@type\":\"ImageObject\",\"inLanguage\":\"de\",\"@id\":\"https:\\\/\\\/gockenholz.de\\\/home\\\/#\\\/schema\\\/logo\\\/image\\\/\",\"url\":\"https:\\\/\\\/gockenholz.de\\\/home\\\/wp-content\\\/uploads\\\/2023\\\/02\\\/gockenholz_fav.png\",\"contentUrl\":\"https:\\\/\\\/gockenholz.de\\\/home\\\/wp-content\\\/uploads\\\/2023\\\/02\\\/gockenholz_fav.png\",\"width\":549,\"height\":550,\"caption\":\"B\u00fcrgerverein Gockenholz e. V.\"},\"image\":{\"@id\":\"https:\\\/\\\/gockenholz.de\\\/home\\\/#\\\/schema\\\/logo\\\/image\\\/\"},\"sameAs\":[\"https:\\\/\\\/www.facebook.com\\\/Gockenholz\\\/\"]}]}<\/script>\n<!-- \/ Yoast SEO plugin. -->","yoast_head_json":{"title":"Verband Wohneigentum e.V. - gockenholz.de","robots":{"index":"index","follow":"follow","max-snippet":"max-snippet:-1","max-image-preview":"max-image-preview:large","max-video-preview":"max-video-preview:-1"},"canonical":"https:\/\/gockenholz.de\/home\/verband-wohneigentum-e-v\/","og_locale":"de_DE","og_type":"article","og_title":"Verband Wohneigentum e.V. - gockenholz.de","og_url":"https:\/\/gockenholz.de\/home\/verband-wohneigentum-e-v\/","og_site_name":"gockenholz.de","article_publisher":"https:\/\/www.facebook.com\/Gockenholz\/","article_modified_time":"2023-02-26T16:41:40+00:00","twitter_card":"summary_large_image","twitter_misc":{"Gesch\u00e4tzte Lesezeit":"7\u00a0Minuten"},"schema":{"@context":"https:\/\/schema.org","@graph":[{"@type":"WebPage","@id":"https:\/\/gockenholz.de\/home\/verband-wohneigentum-e-v\/","url":"https:\/\/gockenholz.de\/home\/verband-wohneigentum-e-v\/","name":"Verband Wohneigentum e.V. - gockenholz.de","isPartOf":{"@id":"https:\/\/gockenholz.de\/home\/#website"},"datePublished":"2023-01-09T20:49:07+00:00","dateModified":"2023-02-26T16:41:40+00:00","breadcrumb":{"@id":"https:\/\/gockenholz.de\/home\/verband-wohneigentum-e-v\/#breadcrumb"},"inLanguage":"de","potentialAction":[{"@type":"ReadAction","target":["https:\/\/gockenholz.de\/home\/verband-wohneigentum-e-v\/"]}]},{"@type":"BreadcrumbList","@id":"https:\/\/gockenholz.de\/home\/verband-wohneigentum-e-v\/#breadcrumb","itemListElement":[{"@type":"ListItem","position":1,"name":"Startseite","item":"https:\/\/gockenholz.de\/home\/willkommen-in-gockenholz\/"},{"@type":"ListItem","position":2,"name":"Verband Wohneigentum e.V."}]},{"@type":"WebSite","@id":"https:\/\/gockenholz.de\/home\/#website","url":"https:\/\/gockenholz.de\/home\/","name":"gockenholz.de","description":"Hier l\u00e4sst es sich leben!","publisher":{"@id":"https:\/\/gockenholz.de\/home\/#organization"},"potentialAction":[{"@type":"SearchAction","target":{"@type":"EntryPoint","urlTemplate":"https:\/\/gockenholz.de\/home\/?s={search_term_string}"},"query-input":{"@type":"PropertyValueSpecification","valueRequired":true,"valueName":"search_term_string"}}],"inLanguage":"de"},{"@type":"Organization","@id":"https:\/\/gockenholz.de\/home\/#organization","name":"B\u00fcrgerverein Gockenholz e. V.","url":"https:\/\/gockenholz.de\/home\/","logo":{"@type":"ImageObject","inLanguage":"de","@id":"https:\/\/gockenholz.de\/home\/#\/schema\/logo\/image\/","url":"https:\/\/gockenholz.de\/home\/wp-content\/uploads\/2023\/02\/gockenholz_fav.png","contentUrl":"https:\/\/gockenholz.de\/home\/wp-content\/uploads\/2023\/02\/gockenholz_fav.png","width":549,"height":550,"caption":"B\u00fcrgerverein Gockenholz e. V."},"image":{"@id":"https:\/\/gockenholz.de\/home\/#\/schema\/logo\/image\/"},"sameAs":["https:\/\/www.facebook.com\/Gockenholz\/"]}]}},"jetpack_sharing_enabled":true,"_links":{"self":[{"href":"https:\/\/gockenholz.de\/home\/wp-json\/wp\/v2\/pages\/73","targetHints":{"allow":["GET"]}}],"collection":[{"href":"https:\/\/gockenholz.de\/home\/wp-json\/wp\/v2\/pages"}],"about":[{"href":"https:\/\/gockenholz.de\/home\/wp-json\/wp\/v2\/types\/page"}],"author":[{"embeddable":true,"href":"https:\/\/gockenholz.de\/home\/wp-json\/wp\/v2\/users\/2"}],"replies":[{"embeddable":true,"href":"https:\/\/gockenholz.de\/home\/wp-json\/wp\/v2\/comments?post=73"}],"version-history":[{"count":3,"href":"https:\/\/gockenholz.de\/home\/wp-json\/wp\/v2\/pages\/73\/revisions"}],"predecessor-version":[{"id":1176,"href":"https:\/\/gockenholz.de\/home\/wp-json\/wp\/v2\/pages\/73\/revisions\/1176"}],"wp:attachment":[{"href":"https:\/\/gockenholz.de\/home\/wp-json\/wp\/v2\/media?parent=73"}],"curies":[{"name":"wp","href":"https:\/\/api.w.org\/{rel}","templated":true}]}}