{"id":2015,"date":"2025-10-23T11:54:34","date_gmt":"2025-10-23T09:54:34","guid":{"rendered":"https:\/\/gockenholz.de\/home\/?page_id=2015"},"modified":"2026-02-02T11:51:41","modified_gmt":"2026-02-02T10:51:41","slug":"buergerhaus-gockenholz","status":"publish","type":"page","link":"https:\/\/gockenholz.de\/home\/buergerhaus-gockenholz\/","title":{"rendered":"B\u00fcrgerhaus Gockenholz"},"content":{"rendered":"\n<figure class=\"wp-block-image size-large\"><img loading=\"lazy\" decoding=\"async\" width=\"1030\" height=\"579\" src=\"https:\/\/gockenholz.de\/home\/wp-content\/uploads\/2025\/04\/Aussenanlage1-1030x579.jpg\" alt=\"\" class=\"wp-image-1965\" srcset=\"https:\/\/gockenholz.de\/home\/wp-content\/uploads\/2025\/04\/Aussenanlage1-1030x579.jpg 1030w, https:\/\/gockenholz.de\/home\/wp-content\/uploads\/2025\/04\/Aussenanlage1-300x169.jpg 300w, https:\/\/gockenholz.de\/home\/wp-content\/uploads\/2025\/04\/Aussenanlage1-768x432.jpg 768w, https:\/\/gockenholz.de\/home\/wp-content\/uploads\/2025\/04\/Aussenanlage1-705x397.jpg 705w, https:\/\/gockenholz.de\/home\/wp-content\/uploads\/2025\/04\/Aussenanlage1.jpg 1200w\" sizes=\"auto, (max-width: 1030px) 100vw, 1030px\" \/><\/figure>\n\n\n\n<p><strong>B\u00fcrgerhaus Gockenholz<\/strong><\/p>\n\n\n\n<p>Das B\u00fcrgerhaus Gockenholz ist im Jahr 2025 fertiggestellt worden. Der Eigent\u00fcmer des B\u00fcrgerhauses ist die Gemeinde Lachendorf. Die Verwaltung und die Unterhaltung des B\u00fcrgerhauses ist per Nutzungsvertrag in allen Belangen dem B\u00fcrgerverein Gockenholz e. V. \u00fcbertragen worden.<\/p>\n\n\n\n<p>In erster Linie steht das B\u00fcrgerhaus f\u00fcr die Aktivit\u00e4ten des B\u00fcrgervereins und f\u00fcr das Dorfleben in Gockenholz. Weiterhin steht das B\u00fcrgerhaus allen Mitgliedern des B\u00fcrgervereins und den Einwohnern der Gemeinde Lachendorf auch f\u00fcr private Zwecke zur Verf\u00fcgung. Vereine, Verb\u00e4nde und Betriebe aus der Samtgemeinde Lachendorf k\u00f6nnen das B\u00fcrgerhaus nutzen f\u00fcr Vereinsaktivit\u00e4ten, Firmenevents, Seminare etc.<\/p>\n\n\n\n<p><strong>Vorstellung des B\u00fcrgerhauses:<\/strong><\/p>\n\n\n\n<p>Folgende Einrichtungen stehen zur Verf\u00fcgung:<\/p>\n\n\n\n<p>Grillh\u00fctte<\/p>\n\n\n\n<figure class=\"wp-block-image size-full\"><img loading=\"lazy\" decoding=\"async\" width=\"1000\" height=\"563\" src=\"https:\/\/gockenholz.de\/home\/wp-content\/uploads\/2025\/09\/Buergerhaus-mit-Pavillon.jpg\" alt=\"\" class=\"wp-image-2026\" srcset=\"https:\/\/gockenholz.de\/home\/wp-content\/uploads\/2025\/09\/Buergerhaus-mit-Pavillon.jpg 1000w, https:\/\/gockenholz.de\/home\/wp-content\/uploads\/2025\/09\/Buergerhaus-mit-Pavillon-300x169.jpg 300w, https:\/\/gockenholz.de\/home\/wp-content\/uploads\/2025\/09\/Buergerhaus-mit-Pavillon-768x432.jpg 768w, https:\/\/gockenholz.de\/home\/wp-content\/uploads\/2025\/09\/Buergerhaus-mit-Pavillon-705x397.jpg 705w\" sizes=\"auto, (max-width: 1000px) 100vw, 1000px\" \/><figcaption class=\"wp-element-caption\">B\u00fcrgerhaus mit Pavillion<\/figcaption><\/figure>\n\n\n\n<p>Veranstaltungsraum Kapazit\u00e4t: 112 qm, d. h. 80 Personen mit Sitzpl\u00e4tzen an Tischen, 120 Personen bestuhlt ohne Tische, eine B\u00fchne 4 x 4,5 m ist vorhanden.<\/p>\n\n\n\n<figure class=\"wp-block-image size-full\"><img loading=\"lazy\" decoding=\"async\" width=\"563\" height=\"1000\" src=\"https:\/\/gockenholz.de\/home\/wp-content\/uploads\/2025\/09\/Veranstaltungsraum-hoch.jpg\" alt=\"\" class=\"wp-image-2018\" srcset=\"https:\/\/gockenholz.de\/home\/wp-content\/uploads\/2025\/09\/Veranstaltungsraum-hoch.jpg 563w, https:\/\/gockenholz.de\/home\/wp-content\/uploads\/2025\/09\/Veranstaltungsraum-hoch-169x300.jpg 169w, https:\/\/gockenholz.de\/home\/wp-content\/uploads\/2025\/09\/Veranstaltungsraum-hoch-397x705.jpg 397w\" sizes=\"auto, (max-width: 563px) 100vw, 563px\" \/><\/figure>\n\n\n\n<p>Medientechnik: Beamer, Leinwand 3m breit und eine PA-Anlage sind vorhanden.<\/p>\n\n\n\n<p>Kleiner Seminarraum unten: Platz f\u00fcr ca. 8 bis 10 Personen bzw. f\u00fcr das Anrichten eines Buffets<\/p>\n\n\n\n<figure class=\"wp-block-image size-full\"><img loading=\"lazy\" decoding=\"async\" width=\"1000\" height=\"563\" src=\"https:\/\/gockenholz.de\/home\/wp-content\/uploads\/2025\/09\/Seminarraum-unten.jpg\" alt=\"\" class=\"wp-image-2020\" srcset=\"https:\/\/gockenholz.de\/home\/wp-content\/uploads\/2025\/09\/Seminarraum-unten.jpg 1000w, https:\/\/gockenholz.de\/home\/wp-content\/uploads\/2025\/09\/Seminarraum-unten-300x169.jpg 300w, https:\/\/gockenholz.de\/home\/wp-content\/uploads\/2025\/09\/Seminarraum-unten-768x432.jpg 768w, https:\/\/gockenholz.de\/home\/wp-content\/uploads\/2025\/09\/Seminarraum-unten-705x397.jpg 705w\" sizes=\"auto, (max-width: 1000px) 100vw, 1000px\" \/><\/figure>\n\n\n\n<p>Seminarraum oben: Platz f\u00fcr 10 bis 16 Personen (Bild folgt)<\/p>\n\n\n\n<p>Beamer vorhanden<\/p>\n\n\n\n<p>K\u00fcche<\/p>\n\n\n\n<figure class=\"wp-block-image size-full\"><img loading=\"lazy\" decoding=\"async\" width=\"1000\" height=\"563\" src=\"https:\/\/gockenholz.de\/home\/wp-content\/uploads\/2025\/09\/Kueche-2.-Ansicht.jpg\" alt=\"\" class=\"wp-image-2022\" srcset=\"https:\/\/gockenholz.de\/home\/wp-content\/uploads\/2025\/09\/Kueche-2.-Ansicht.jpg 1000w, https:\/\/gockenholz.de\/home\/wp-content\/uploads\/2025\/09\/Kueche-2.-Ansicht-300x169.jpg 300w, https:\/\/gockenholz.de\/home\/wp-content\/uploads\/2025\/09\/Kueche-2.-Ansicht-768x432.jpg 768w, https:\/\/gockenholz.de\/home\/wp-content\/uploads\/2025\/09\/Kueche-2.-Ansicht-705x397.jpg 705w\" sizes=\"auto, (max-width: 1000px) 100vw, 1000px\" \/><\/figure>\n\n\n\n<figure class=\"wp-block-image size-full\"><img loading=\"lazy\" decoding=\"async\" width=\"1000\" height=\"562\" src=\"https:\/\/gockenholz.de\/home\/wp-content\/uploads\/2026\/01\/Kueche-mit-Spuelmaschine.jpg\" alt=\"\" class=\"wp-image-2146\" srcset=\"https:\/\/gockenholz.de\/home\/wp-content\/uploads\/2026\/01\/Kueche-mit-Spuelmaschine.jpg 1000w, https:\/\/gockenholz.de\/home\/wp-content\/uploads\/2026\/01\/Kueche-mit-Spuelmaschine-300x169.jpg 300w, https:\/\/gockenholz.de\/home\/wp-content\/uploads\/2026\/01\/Kueche-mit-Spuelmaschine-768x432.jpg 768w, https:\/\/gockenholz.de\/home\/wp-content\/uploads\/2026\/01\/Kueche-mit-Spuelmaschine-705x396.jpg 705w\" sizes=\"auto, (max-width: 1000px) 100vw, 1000px\" \/><\/figure>\n\n\n\n<p>Gastrosp\u00fclmaschine von Miele ist vorhanden.<\/p>\n\n\n\n<p><\/p>\n\n\n\n<p>Toiletten inc. Behindertentoilette und Wickeltisch sind vorhanden<\/p>\n\n\n\n<div class=\"wp-block-columns is-layout-flex wp-container-core-columns-is-layout-9d6595d7 wp-block-columns-is-layout-flex\">\n<div class=\"wp-block-column is-layout-flow wp-block-column-is-layout-flow\" style=\"flex-basis:66.66%\">\n<p>\u00dcber die Belegung entscheidet einzig und allein der Vorstand des B\u00fcrgervereins Gockenholz e. V.<\/p>\n\n\n\n<p>F\u00fcr die Nutzung ma\u00dfgeblich ist die hier ver\u00f6ffentlichte Nutzungs- und Vermietungsordnung. Des Weiteren gilt die auf dieser Seite ver\u00f6ffentlichte Kostenordnung.<\/p>\n\n\n\n<p>Vor einer Anfrage bzw. den Wunsch einer Reservierung sind diese beiden Dokumente bitte zur Kenntnis zu nehmen. <\/p>\n\n\n\n<p>Eine Reservierungsanfrage kann \u00fcber eine Email an hallo@gockenholz.de vorgenommen werden.<\/p>\n<\/div>\n\n\n\n<div class=\"wp-block-column is-layout-flow wp-block-column-is-layout-flow\" style=\"flex-basis:33.33%\">\n<p><strong>Downloads<\/strong><\/p>\n\n\n\n<p><a href=\"https:\/\/gockenholz.de\/home\/wp-content\/uploads\/2025\/10\/20251007-Nutzungs-u-Vermietungsordnung.pdf\" target=\"_blank\" rel=\"noreferrer noopener\">Nutzungs- und Vermietungsordnung.pdf<\/a><\/p>\n\n\n\n<p><a href=\"https:\/\/gockenholz.de\/home\/wp-content\/uploads\/2025\/10\/20251023-Kostenordnung-Buergerhaus.pdf\" target=\"_blank\" rel=\"noreferrer noopener\">Kostenordnung.pdf<\/a><\/p>\n<\/div>\n<\/div>\n\n\n\n<p><\/p>\n\n\n\n<div class=\"wp-block-columns is-layout-flex wp-container-core-columns-is-layout-9d6595d7 wp-block-columns-is-layout-flex\">\n<div class=\"wp-block-column is-layout-flow wp-block-column-is-layout-flow\" style=\"flex-basis:66.66%\"><\/div>\n\n\n\n<div class=\"wp-block-column is-layout-flow wp-block-column-is-layout-flow\" style=\"flex-basis:33.33%\"><\/div>\n<\/div>\n\n\n\n<p><\/p>\n","protected":false},"excerpt":{"rendered":"<p>B\u00fcrgerhaus Gockenholz Das B\u00fcrgerhaus Gockenholz ist im Jahr 2025 fertiggestellt worden. Der Eigent\u00fcmer des B\u00fcrgerhauses ist die Gemeinde Lachendorf. Die Verwaltung und die Unterhaltung des B\u00fcrgerhauses ist per Nutzungsvertrag in [&hellip;]<\/p>\n","protected":false},"author":5,"featured_media":0,"parent":0,"menu_order":0,"comment_status":"closed","ping_status":"closed","template":"","meta":{"footnotes":""},"class_list":["post-2015","page","type-page","status-publish","hentry"],"yoast_head":"<!-- This site is optimized with the Yoast SEO plugin v27.4 - https:\/\/yoast.com\/product\/yoast-seo-wordpress\/ -->\n<title>B\u00fcrgerhaus Gockenholz - gockenholz.de<\/title>\n<meta name=\"robots\" content=\"index, follow, max-snippet:-1, max-image-preview:large, max-video-preview:-1\" \/>\n<link rel=\"canonical\" href=\"https:\/\/gockenholz.de\/home\/buergerhaus-gockenholz\/\" \/>\n<meta property=\"og:locale\" content=\"de_DE\" \/>\n<meta property=\"og:type\" content=\"article\" \/>\n<meta property=\"og:title\" content=\"B\u00fcrgerhaus Gockenholz - gockenholz.de\" \/>\n<meta property=\"og:description\" content=\"B\u00fcrgerhaus Gockenholz Das B\u00fcrgerhaus Gockenholz ist im Jahr 2025 fertiggestellt worden. Der Eigent\u00fcmer des B\u00fcrgerhauses ist die Gemeinde Lachendorf. Die Verwaltung und die Unterhaltung des B\u00fcrgerhauses ist per Nutzungsvertrag in [&hellip;]\" \/>\n<meta property=\"og:url\" content=\"https:\/\/gockenholz.de\/home\/buergerhaus-gockenholz\/\" \/>\n<meta property=\"og:site_name\" content=\"gockenholz.de\" \/>\n<meta property=\"article:publisher\" content=\"https:\/\/www.facebook.com\/Gockenholz\/\" \/>\n<meta property=\"article:modified_time\" content=\"2026-02-02T10:51:41+00:00\" \/>\n<meta property=\"og:image\" content=\"https:\/\/gockenholz.de\/home\/wp-content\/uploads\/2025\/04\/Aussenanlage1.jpg\" \/>\n\t<meta property=\"og:image:width\" content=\"1200\" \/>\n\t<meta property=\"og:image:height\" content=\"675\" \/>\n\t<meta property=\"og:image:type\" content=\"image\/jpeg\" \/>\n<meta name=\"twitter:card\" content=\"summary_large_image\" \/>\n<meta name=\"twitter:label1\" content=\"Gesch\u00e4tzte Lesezeit\" \/>\n\t<meta name=\"twitter:data1\" content=\"3\u00a0Minuten\" \/>\n<script type=\"application\/ld+json\" class=\"yoast-schema-graph\">{\"@context\":\"https:\\\/\\\/schema.org\",\"@graph\":[{\"@type\":\"WebPage\",\"@id\":\"https:\\\/\\\/gockenholz.de\\\/home\\\/buergerhaus-gockenholz\\\/\",\"url\":\"https:\\\/\\\/gockenholz.de\\\/home\\\/buergerhaus-gockenholz\\\/\",\"name\":\"B\u00fcrgerhaus Gockenholz - gockenholz.de\",\"isPartOf\":{\"@id\":\"https:\\\/\\\/gockenholz.de\\\/home\\\/#website\"},\"primaryImageOfPage\":{\"@id\":\"https:\\\/\\\/gockenholz.de\\\/home\\\/buergerhaus-gockenholz\\\/#primaryimage\"},\"image\":{\"@id\":\"https:\\\/\\\/gockenholz.de\\\/home\\\/buergerhaus-gockenholz\\\/#primaryimage\"},\"thumbnailUrl\":\"https:\\\/\\\/gockenholz.de\\\/home\\\/wp-content\\\/uploads\\\/2025\\\/04\\\/Aussenanlage1-1030x579.jpg\",\"datePublished\":\"2025-10-23T09:54:34+00:00\",\"dateModified\":\"2026-02-02T10:51:41+00:00\",\"breadcrumb\":{\"@id\":\"https:\\\/\\\/gockenholz.de\\\/home\\\/buergerhaus-gockenholz\\\/#breadcrumb\"},\"inLanguage\":\"de\",\"potentialAction\":[{\"@type\":\"ReadAction\",\"target\":[\"https:\\\/\\\/gockenholz.de\\\/home\\\/buergerhaus-gockenholz\\\/\"]}]},{\"@type\":\"ImageObject\",\"inLanguage\":\"de\",\"@id\":\"https:\\\/\\\/gockenholz.de\\\/home\\\/buergerhaus-gockenholz\\\/#primaryimage\",\"url\":\"https:\\\/\\\/gockenholz.de\\\/home\\\/wp-content\\\/uploads\\\/2025\\\/04\\\/Aussenanlage1.jpg\",\"contentUrl\":\"https:\\\/\\\/gockenholz.de\\\/home\\\/wp-content\\\/uploads\\\/2025\\\/04\\\/Aussenanlage1.jpg\",\"width\":1200,\"height\":675,\"caption\":\"Au\u00dfenbereich ist fertig\"},{\"@type\":\"BreadcrumbList\",\"@id\":\"https:\\\/\\\/gockenholz.de\\\/home\\\/buergerhaus-gockenholz\\\/#breadcrumb\",\"itemListElement\":[{\"@type\":\"ListItem\",\"position\":1,\"name\":\"Startseite\",\"item\":\"https:\\\/\\\/gockenholz.de\\\/home\\\/willkommen-in-gockenholz\\\/\"},{\"@type\":\"ListItem\",\"position\":2,\"name\":\"B\u00fcrgerhaus Gockenholz\"}]},{\"@type\":\"WebSite\",\"@id\":\"https:\\\/\\\/gockenholz.de\\\/home\\\/#website\",\"url\":\"https:\\\/\\\/gockenholz.de\\\/home\\\/\",\"name\":\"gockenholz.de\",\"description\":\"Hier l\u00e4sst es sich leben!\",\"publisher\":{\"@id\":\"https:\\\/\\\/gockenholz.de\\\/home\\\/#organization\"},\"potentialAction\":[{\"@type\":\"SearchAction\",\"target\":{\"@type\":\"EntryPoint\",\"urlTemplate\":\"https:\\\/\\\/gockenholz.de\\\/home\\\/?s={search_term_string}\"},\"query-input\":{\"@type\":\"PropertyValueSpecification\",\"valueRequired\":true,\"valueName\":\"search_term_string\"}}],\"inLanguage\":\"de\"},{\"@type\":\"Organization\",\"@id\":\"https:\\\/\\\/gockenholz.de\\\/home\\\/#organization\",\"name\":\"B\u00fcrgerverein Gockenholz e. V.\",\"url\":\"https:\\\/\\\/gockenholz.de\\\/home\\\/\",\"logo\":{\"@type\":\"ImageObject\",\"inLanguage\":\"de\",\"@id\":\"https:\\\/\\\/gockenholz.de\\\/home\\\/#\\\/schema\\\/logo\\\/image\\\/\",\"url\":\"https:\\\/\\\/gockenholz.de\\\/home\\\/wp-content\\\/uploads\\\/2023\\\/02\\\/gockenholz_fav.png\",\"contentUrl\":\"https:\\\/\\\/gockenholz.de\\\/home\\\/wp-content\\\/uploads\\\/2023\\\/02\\\/gockenholz_fav.png\",\"width\":549,\"height\":550,\"caption\":\"B\u00fcrgerverein Gockenholz e. V.\"},\"image\":{\"@id\":\"https:\\\/\\\/gockenholz.de\\\/home\\\/#\\\/schema\\\/logo\\\/image\\\/\"},\"sameAs\":[\"https:\\\/\\\/www.facebook.com\\\/Gockenholz\\\/\"]}]}<\/script>\n<!-- \/ Yoast SEO plugin. -->","yoast_head_json":{"title":"B\u00fcrgerhaus Gockenholz - gockenholz.de","robots":{"index":"index","follow":"follow","max-snippet":"max-snippet:-1","max-image-preview":"max-image-preview:large","max-video-preview":"max-video-preview:-1"},"canonical":"https:\/\/gockenholz.de\/home\/buergerhaus-gockenholz\/","og_locale":"de_DE","og_type":"article","og_title":"B\u00fcrgerhaus Gockenholz - gockenholz.de","og_description":"B\u00fcrgerhaus Gockenholz Das B\u00fcrgerhaus Gockenholz ist im Jahr 2025 fertiggestellt worden. Der Eigent\u00fcmer des B\u00fcrgerhauses ist die Gemeinde Lachendorf. Die Verwaltung und die Unterhaltung des B\u00fcrgerhauses ist per Nutzungsvertrag in [&hellip;]","og_url":"https:\/\/gockenholz.de\/home\/buergerhaus-gockenholz\/","og_site_name":"gockenholz.de","article_publisher":"https:\/\/www.facebook.com\/Gockenholz\/","article_modified_time":"2026-02-02T10:51:41+00:00","og_image":[{"width":1200,"height":675,"url":"https:\/\/gockenholz.de\/home\/wp-content\/uploads\/2025\/04\/Aussenanlage1.jpg","type":"image\/jpeg"}],"twitter_card":"summary_large_image","twitter_misc":{"Gesch\u00e4tzte Lesezeit":"3\u00a0Minuten"},"schema":{"@context":"https:\/\/schema.org","@graph":[{"@type":"WebPage","@id":"https:\/\/gockenholz.de\/home\/buergerhaus-gockenholz\/","url":"https:\/\/gockenholz.de\/home\/buergerhaus-gockenholz\/","name":"B\u00fcrgerhaus Gockenholz - gockenholz.de","isPartOf":{"@id":"https:\/\/gockenholz.de\/home\/#website"},"primaryImageOfPage":{"@id":"https:\/\/gockenholz.de\/home\/buergerhaus-gockenholz\/#primaryimage"},"image":{"@id":"https:\/\/gockenholz.de\/home\/buergerhaus-gockenholz\/#primaryimage"},"thumbnailUrl":"https:\/\/gockenholz.de\/home\/wp-content\/uploads\/2025\/04\/Aussenanlage1-1030x579.jpg","datePublished":"2025-10-23T09:54:34+00:00","dateModified":"2026-02-02T10:51:41+00:00","breadcrumb":{"@id":"https:\/\/gockenholz.de\/home\/buergerhaus-gockenholz\/#breadcrumb"},"inLanguage":"de","potentialAction":[{"@type":"ReadAction","target":["https:\/\/gockenholz.de\/home\/buergerhaus-gockenholz\/"]}]},{"@type":"ImageObject","inLanguage":"de","@id":"https:\/\/gockenholz.de\/home\/buergerhaus-gockenholz\/#primaryimage","url":"https:\/\/gockenholz.de\/home\/wp-content\/uploads\/2025\/04\/Aussenanlage1.jpg","contentUrl":"https:\/\/gockenholz.de\/home\/wp-content\/uploads\/2025\/04\/Aussenanlage1.jpg","width":1200,"height":675,"caption":"Au\u00dfenbereich ist fertig"},{"@type":"BreadcrumbList","@id":"https:\/\/gockenholz.de\/home\/buergerhaus-gockenholz\/#breadcrumb","itemListElement":[{"@type":"ListItem","position":1,"name":"Startseite","item":"https:\/\/gockenholz.de\/home\/willkommen-in-gockenholz\/"},{"@type":"ListItem","position":2,"name":"B\u00fcrgerhaus Gockenholz"}]},{"@type":"WebSite","@id":"https:\/\/gockenholz.de\/home\/#website","url":"https:\/\/gockenholz.de\/home\/","name":"gockenholz.de","description":"Hier l\u00e4sst es sich leben!","publisher":{"@id":"https:\/\/gockenholz.de\/home\/#organization"},"potentialAction":[{"@type":"SearchAction","target":{"@type":"EntryPoint","urlTemplate":"https:\/\/gockenholz.de\/home\/?s={search_term_string}"},"query-input":{"@type":"PropertyValueSpecification","valueRequired":true,"valueName":"search_term_string"}}],"inLanguage":"de"},{"@type":"Organization","@id":"https:\/\/gockenholz.de\/home\/#organization","name":"B\u00fcrgerverein Gockenholz e. V.","url":"https:\/\/gockenholz.de\/home\/","logo":{"@type":"ImageObject","inLanguage":"de","@id":"https:\/\/gockenholz.de\/home\/#\/schema\/logo\/image\/","url":"https:\/\/gockenholz.de\/home\/wp-content\/uploads\/2023\/02\/gockenholz_fav.png","contentUrl":"https:\/\/gockenholz.de\/home\/wp-content\/uploads\/2023\/02\/gockenholz_fav.png","width":549,"height":550,"caption":"B\u00fcrgerverein Gockenholz e. V."},"image":{"@id":"https:\/\/gockenholz.de\/home\/#\/schema\/logo\/image\/"},"sameAs":["https:\/\/www.facebook.com\/Gockenholz\/"]}]}},"jetpack_sharing_enabled":true,"_links":{"self":[{"href":"https:\/\/gockenholz.de\/home\/wp-json\/wp\/v2\/pages\/2015","targetHints":{"allow":["GET"]}}],"collection":[{"href":"https:\/\/gockenholz.de\/home\/wp-json\/wp\/v2\/pages"}],"about":[{"href":"https:\/\/gockenholz.de\/home\/wp-json\/wp\/v2\/types\/page"}],"author":[{"embeddable":true,"href":"https:\/\/gockenholz.de\/home\/wp-json\/wp\/v2\/users\/5"}],"replies":[{"embeddable":true,"href":"https:\/\/gockenholz.de\/home\/wp-json\/wp\/v2\/comments?post=2015"}],"version-history":[{"count":9,"href":"https:\/\/gockenholz.de\/home\/wp-json\/wp\/v2\/pages\/2015\/revisions"}],"predecessor-version":[{"id":2179,"href":"https:\/\/gockenholz.de\/home\/wp-json\/wp\/v2\/pages\/2015\/revisions\/2179"}],"wp:attachment":[{"href":"https:\/\/gockenholz.de\/home\/wp-json\/wp\/v2\/media?parent=2015"}],"curies":[{"name":"wp","href":"https:\/\/api.w.org\/{rel}","templated":true}]}}